{"id":475,"date":"2025-01-30T16:03:26","date_gmt":"2025-01-31T00:03:26","guid":{"rendered":"https:\/\/citrusheightscaraccidentlawyer.com\/?page_id=475"},"modified":"2025-08-04T16:04:34","modified_gmt":"2025-08-04T23:04:34","slug":"abogado-de-accidentes-de-lyft-en-citrus-heights","status":"publish","type":"page","link":"https:\/\/citrusheightscaraccidentlawyer.com\/es\/abogado-de-accidentes-de-lyft-en-citrus-heights\/","title":{"rendered":"Abogado de accidentes de Lyft en Citrus Heights"},"content":{"rendered":"<h1 style=\"text-align: right;\"><span>Has llegado al lugar correcto\u2026 Perm\u00edtenos ponerte en contacto con el mejor abogado de accidentes de Lyft en Citrus Heights ahora mismo.<\/span><\/h1>\n<p style=\"text-align: right;\">Ponemos a tu disposici\u00f3n una <span style=\"text-decoration: underline;\">gratis<\/span> Servicio de emparejamiento de abogados y totalmente <span style=\"text-decoration: underline;\">gratis<\/span> Consulta con los mejores abogados en Citrus Heights<\/p>\n<p><!--! Font Awesome Free 6.7.1 by @fontawesome - https:\/\/fontawesome.com License - https:\/\/fontawesome.com\/license\/free (Icons: CC BY 4.0, Fonts: SIL OFL 1.1, Code: MIT License) Copyright 2024 Fonticons, Inc. --><\/p>\n<p style=\"\">&nbsp;An\u00e1lisis gratuito del caso 100%<\/p>\n<p style=\"\">&nbsp;Llama las 24 horas, los 7 d\u00edas de la semana<\/p>\n<p style=\"\">&nbsp;No paga hasta que se gane su caso<\/p>\n<p><!--! Font Awesome Free 6.7.1 by @fontawesome - https:\/\/fontawesome.com License - https:\/\/fontawesome.com\/license\/free (Icons: CC BY 4.0, Fonts: SIL OFL 1.1, Code: MIT License) Copyright 2024 Fonticons, Inc. --><\/p>\n<p style=\"\">&nbsp;100% Abogado gratuito que se adapta a su tipo de accidente<\/p>\n<h2 data-end=\"3019\" data-start=\"2981\" style=\"color: rgb(217, 185, 140) !important; --tcb-applied-color: rgb(217, 185, 140) !important; text-align: center;\" id=\"t-1753831691881\"><strong>C\u00f3mo funciona el servicio gratuito de emparejamiento<\/strong><\/h2>\n<p data-end=\"3221\" data-start=\"3021\" style=\"text-align: center;\"><span>No te cobramos ni un c\u00e9ntimo por encontrar a alguien compatible. Nos cuentas qu\u00e9 te pas\u00f3 y te conectamos con un... <strong>Abogado de accidentes de Lyft de Citrus Heights examinado<\/strong>&nbsp;que tiene antecedentes de ganar casos similares.<\/span><\/p>\n<p data-end=\"3366\" data-start=\"3223\" style=\"text-align: center;\"><span><span><span><span><span style=\"--tcb-applied-color: rgb(255, 255, 255) !important; color: rgb(255, 255, 255) !important;\">Te dar\u00e1n una <strong data-end=\"3267\" data-start=\"3242\">An\u00e1lisis gratuito del caso 100%<\/strong>Sin presi\u00f3n. Si sigue adelante, no les paga a menos que ganen su caso.<\/span><\/span><\/span><\/span><\/span><\/p>\n<p data-end=\"3366\" data-start=\"3223\" style=\"text-align: center;\"><span>Es as\u00ed de simple.<\/span><\/p>\n<h2 id=\"t-1753831691876\">Conclusiones clave<\/h2>\n<p>Somos completamente transparentes sobre lo que ofrece nuestro servicio de emparejamiento y lo que puede esperar durante su consulta gratuita.<\/p>\n<p><!--! Font Awesome Free 6.7.1 by @fontawesome - https:\/\/fontawesome.com License - https:\/\/fontawesome.com\/license\/free (Icons: CC BY 4.0, Fonts: SIL OFL 1.1, Code: MIT License) Copyright 2024 Fonticons, Inc. --><!--! Font Awesome Free 6.7.1 by @fontawesome - https:\/\/fontawesome.com License - https:\/\/fontawesome.com\/license\/free (Icons: CC BY 4.0, Fonts: SIL OFL 1.1, Code: MIT License) Copyright 2024 Fonticons, Inc. --><!--! Font Awesome Free 6.7.1 by @fontawesome - https:\/\/fontawesome.com License - https:\/\/fontawesome.com\/license\/free (Icons: CC BY 4.0, Fonts: SIL OFL 1.1, Code: MIT License) Copyright 2024 Fonticons, Inc. --><\/p>\n<h2 data-pm-slice=\"1 1 []\" style=\"\" id=\"t-1754197963695\">Introducci\u00f3n al derecho de lesiones personales<\/h2>\n<p data-pm-slice=\"1 1 []\"><a href=\"https:\/\/citrusheightscaraccidentlawyer.com\/es\/\" target=\"_blank\">Ley de lesiones personales<\/a> Abarca diversos tipos de accidentes, incluyendo accidentes de viajes compartidos y accidentes de tr\u00e1fico, para ayudar a las v\u00edctimas a obtener una indemnizaci\u00f3n justa. Un abogado especializado en lesiones personales puede guiarle a trav\u00e9s del complejo proceso legal de presentar una reclamaci\u00f3n por lesiones personales. Un abogado especializado en accidentes se especializa en ayudar a las v\u00edctimas a gestionar reclamaciones y litigios, garantizando la protecci\u00f3n de sus derechos durante todo el proceso.<\/p>\n<p>Nuestro servicio de emparejamiento de bufetes de abogados se especializa en conectarlo con el abogado adecuado para manejar casos de lesiones personales, brindando apoyo legal integral a las v\u00edctimas de accidentes en Citrus Heights. <a href=\"https:\/\/citrusheightscaraccidentlawyer.com\/es\/abogado-de-accidentes-de-uber-en-citrus-heights\/\" data-wpil-monitor-id=\"113\" style=\"outline: none;\">abogado de accidentes de coche<\/a> Nuestro equipo cuenta con una amplia experiencia en el manejo de reclamos por lesiones automovil\u00edsticas, incluidos aquellos relacionados con accidentes de viajes compartidos, y puede guiar a los clientes a trav\u00e9s de cada paso del proceso legal.<\/p>\n<p>Contamos con una amplia experiencia en la b\u00fasqueda del bufete de abogados adecuado para que las v\u00edctimas gestionen con \u00e9xito sus demandas por lesiones personales, garantizando as\u00ed que nuestros clientes reciban la m\u00e1xima compensaci\u00f3n que merecen. Los abogados de Citrus Heights de nuestra red han demostrado experiencia y \u00e9xito en casos de lesiones personales y accidentes de tr\u00e1fico, ofreciendo estrategias legales personalizadas para cada cliente.<\/p>\n<p>Nuestra red de abogados con amplia experiencia cuenta con amplios conocimientos en derecho de lesiones personales, incluyendo casos relacionados con accidentes de Uber y Lyft. Los accidentes relacionados con los servicios de Uber y Lyft han aumentado en Citrus Heights, lo que resalta la necesidad de una representaci\u00f3n legal experta. Estamos profundamente comprometidos con la comunidad de Citrus Heights y comprendemos las necesidades \u00fanicas de los residentes locales, lo que nos permite brindar una representaci\u00f3n legal personalizada y eficaz.<\/p>\n<p>Tenemos muy buenas relaciones con <a href=\"https:\/\/citrusheightscaraccidentlawyer.com\/es\/abogado-de-atropellos-y-fugas-en-citrus-heights\/\" data-wpil-monitor-id=\"116\">abogados de lesiones personales en Citrus Heights<\/a>Son sus defensores dedicados, que lo apoyan en cada etapa de su recuperaci\u00f3n y proceso legal. Elegir al abogado de lesiones personales adecuado es crucial para maximizar su compensaci\u00f3n y reducir el estr\u00e9s asociado con su caso.<\/p>\n<p><span style=\"\"><img decoding=\"async\" alt=\"Abogado de accidentes de Lyft en Citrus Heights, CA\" data-id=\"481\" width=\"1080\" data-init-width=\"1456\" height=\"605\" data-init-height=\"816\" title=\"Abogado de accidentes de Lyft en Citrus Heights, CA\" loading=\"lazy\" src=\"Abogado de Accidentes de Citrusheightscaraccidentlawyer.com\/wp-content\/uploads\/2025\/01\/Abogado de Accidentes de Lyft en Citrus-Heights, CA.jpeg\" data-width=\"1080\" data-height=\"605\" style=\"aspect-ratio: auto 1456 \/ 816;\" mt-d=\"-1.0310000000000628\" ml-d=\"0\" mt-m=\"0\" ml-m=\"0\" mt-t=\"0\" ml-t=\"0\"><\/span><\/p>\n<h2 data-pm-slice=\"1 1 []\" style=\"\" id=\"t-1754197963696\">Entendiendo los accidentes de viajes compartidos<\/h2>\n<ul>\n<li>&nbsp;Los accidentes de viajes compartidos, como los accidentes de Uber o Lyft, que involucran servicios de viajes compartidos, pueden provocar lesiones y da\u00f1os importantes, lo que requiere la experiencia de un abogado especializado en lesiones personales.<\/li>\n<li>Nuestro bufete cuenta con amplia experiencia en casos de accidentes de viajes compartidos, incluyendo homicidio culposo y trauma emocional. Nos especializamos en reclamos por accidentes de Uber y Lyft y estamos capacitados para representar a nuestros clientes en estos casos espec\u00edficos.<\/li>\n<li>Comprendemos las complejidades de las pol\u00edticas de las compa\u00f1\u00edas de viajes compartidos y las aseguradoras, incluyendo la determinaci\u00f3n de la responsabilidad del conductor involucrado en el accidente, garantizando as\u00ed que nuestros clientes reciban la compensaci\u00f3n justa que merecen. Recopilar evidencia visual y declaraciones de testigos es importante despu\u00e9s de un accidente de viaje compartido, y nuestros abogados tienen experiencia en recopilar y utilizar esta evidencia para proteger los derechos de nuestros clientes durante todo el proceso de reclamaci\u00f3n.<\/li>\n<li>Si ha sufrido un accidente de transporte compartido, es fundamental buscar atenci\u00f3n m\u00e9dica de inmediato y consultar con un abogado especializado en lesiones personales. Hay asistencia legal disponible para quienes se ven involucrados en un accidente de Uber o Lyft para ayudarles a navegar el proceso legal y maximizar la compensaci\u00f3n.<\/li>\n<li>Nuestro equipo legal se dedica a ayudar a las v\u00edctimas lesionadas a navegar el proceso legal y a obtener una compensaci\u00f3n por sus p\u00e9rdidas. Somos firmes defensores de las v\u00edctimas de lesiones personales y nos comprometemos a obtener la compensaci\u00f3n que merecen.<\/li>\n<li>La recuperaci\u00f3n tras un accidente de viaje compartido puede requerir atenci\u00f3n m\u00e9dica continua. La fisioterapia suele ser crucial para la recuperaci\u00f3n, y las demandas legales pueden ayudar a cubrir estos gastos necesarios. Si sufre lesiones, lucharemos por una compensaci\u00f3n por su dolor y sufrimiento como parte de su demanda.<\/li>\n<\/ul>\n<h2 data-pm-slice=\"1 1 []\" id=\"t-1754197963697\">Causas de accidentes automovil\u00edsticos<\/h2>\n<ul>\n<li>Los accidentes automovil\u00edsticos pueden ocurrir debido a varios factores, incluida la negligencia del conductor, el comportamiento imprudente, las malas condiciones de la carretera y las violaciones de las leyes de tr\u00e1nsito.<\/li>\n<li>Nuestros abogados experimentados han manejado numerosos casos de accidentes automovil\u00edsticos, incluidos aquellos que involucran accidentes de camiones, accidentes de peatones y accidentes de viajes compartidos.<\/li>\n<li>Trabajamos en estrecha colaboraci\u00f3n con peritos para recopilar pruebas y construir casos s\u00f3lidos para nuestros clientes. Demostrar la responsabilidad es esencial para obtener una indemnizaci\u00f3n por sus lesiones y da\u00f1os.<\/li>\n<li>Si ha sufrido lesiones en un accidente de tr\u00e1fico, es fundamental que busque atenci\u00f3n m\u00e9dica y consulte con un abogado especializado en lesiones personales para analizar sus opciones. Un abogado puede ayudarle a obtener una indemnizaci\u00f3n por da\u00f1os materiales, incluyendo la reparaci\u00f3n del veh\u00edculo, para que no tenga que asumir gastos de bolsillo.<\/li>\n<li>Nuestra conexi\u00f3n con una red de exitosos bufetes de abogados se compromete a ayudar a las v\u00edctimas de accidentes a obtener una compensaci\u00f3n justa por sus gastos m\u00e9dicos, p\u00e9rdida de ingresos, angustia emocional y reparaci\u00f3n de veh\u00edculos. En casos de negligencia extrema o da\u00f1o intencional, tambi\u00e9n podemos ofrecer indemnizaciones punitivas para castigar la conducta indebida y prevenir futuras faltas.<\/li>\n<\/ul>\n<p><span><img decoding=\"async\" alt=\"Abogado de accidentes de Lyft en Citrus Heights\" data-id=\"483\" width=\"1080\" data-init-width=\"1344\" height=\"617\" data-init-height=\"768\" title=\"Abogado de accidentes de Lyft en Citrus Heights\" loading=\"lazy\" src=\"\/\/citrusheightscaraccidentlawyer.com\/wp-content\/uploads\/2025\/01\/Citrus-Heights-Lyft-accident-attorney.jpeg\" data-width=\"1080\" data-height=\"617\" style=\"aspect-ratio: auto 1344 \/ 768;\"><\/span><\/p>\n<h2 data-pm-slice=\"1 1 []\" id=\"t-1754197963698\">Beneficios de contratar un bufete de abogados de trayectoria comprobada<\/h2>\n<p data-pm-slice=\"1 1 []\">Contratar un bufete de abogados con amplia experiencia en casos de lesiones personales puede mejorar significativamente sus posibilidades de obtener una indemnizaci\u00f3n justa. La representaci\u00f3n legal experta es crucial para las v\u00edctimas de accidentes, ya que les garantiza apoyo especializado para afrontar desaf\u00edos legales complejos y maximizar su recuperaci\u00f3n.<\/p>\n<p>Nuestra red de bufetes de abogados ofrece asistencia legal integral, incluyendo consultas gratuitas y honorarios de contingencia, garantizando as\u00ed que nuestros clientes reciban la mejor representaci\u00f3n posible. Con una amplia experiencia en litigios en el sistema judicial local, nuestros abogados conocen a fondo los procedimientos espec\u00edficos de cada juez y el funcionamiento de los tribunales, ofreciendo una defensa estrat\u00e9gica durante juicios y mediaciones. Los clientes no incurren en gastos iniciales a menos que ganen su caso, lo que hace que nuestros servicios sean seguros y accesibles para el cliente. Los abogados suelen operar con honorarios de contingencia, lo que significa que los clientes solo pagan si ganan su caso, garantizando as\u00ed el acceso a la justicia para todas las v\u00edctimas de accidentes.<\/p>\n<p>Tienen un historial comprobado de manejo exitoso de reclamos por lesiones personales, incluidos aquellos relacionados con accidentes de Uber y Lyft, accidentes automovil\u00edsticos y muerte por negligencia.<\/p>\n<p>Nuestra red de abogados experimentados se dedica a brindar atenci\u00f3n personalizada a cada cliente, garantizando que se aborden sus necesidades y preocupaciones \u00fanicas.<\/p>\n<p>Al elegir nuestro servicio de b\u00fasqueda, puede confiar en que su caso est\u00e1 en manos de profesionales legales capacitados y compasivos.<\/p>\n<p><span><img decoding=\"async\" alt=\"Abogados de accidentes de Lyft en Citrus Heights\" data-id=\"485\" width=\"1080\" data-init-width=\"1344\" height=\"617\" data-init-height=\"768\" title=\"Abogados de accidentes de Lyft en Citrus Heights\" loading=\"lazy\" src=\"\/\/citrusheightscaraccidentlawyer.com\/wp-content\/uploads\/2025\/01\/Citrus-Heights-Lyft-Accident-Lawyers.jpeg\" data-width=\"1080\" data-height=\"617\" style=\"aspect-ratio: auto 1344 \/ 768;\"><\/span><\/p>\n<h2 data-pm-slice=\"1 1 []\" id=\"t-1754197963699\">Navegando el proceso legal en casos de accidentes automovil\u00edsticos<\/h2>\n<p data-pm-slice=\"1 1 []\">Lidiar con las consecuencias de un accidente automovil\u00edstico puede ser abrumador, especialmente cuando se enfrentan lesiones, facturas m\u00e9dicas crecientes e incertidumbre sobre los pr\u00f3ximos pasos. El proceso legal en casos de accidentes automovil\u00edsticos requiere una comprensi\u00f3n clara de sus derechos y los procedimientos para presentar una demanda por lesiones personales. En California, el plazo de prescripci\u00f3n suele ser de dos a\u00f1os para presentar una demanda por lesiones personales despu\u00e9s de un accidente, por lo que es fundamental actuar con prontitud para proteger sus derechos.<\/p>\n<p>Un abogado experto en lesiones personales puede ser su mejor aliado durante este proceso. Desde el momento en que solicita ayuda legal, su abogado comenzar\u00e1 a investigar a fondo su accidente, reuniendo pruebas cruciales e identificando a todos los responsables. Esto incluye la revisi\u00f3n de informes policiales, historiales m\u00e9dicos y declaraciones de testigos para construir un caso convincente en su nombre. Un informe policial es una prueba crucial para las reclamaciones tras un accidente de transporte compartido, ya que proporciona un relato oficial del incidente que puede fortalecer su caso.<\/p>\n<p>Una vez presentada su reclamaci\u00f3n por lesiones personales, su abogado se encargar\u00e1 de todas las comunicaciones con la compa\u00f1\u00eda de seguros y otras partes involucradas. Negociar\u00e1n agresivamente para obtener una compensaci\u00f3n justa por sus gastos m\u00e9dicos, p\u00e9rdida de ingresos, da\u00f1os a la propiedad y angustia emocional. Si no se llega a un acuerdo justo, su abogado de lesiones personales est\u00e1 preparado para llevar su caso a juicio, defendiendo sus intereses en cada etapa del proceso.<\/p>\n<p>Durante todo el proceso legal, su abogado lo mantendr\u00e1 informado, responder\u00e1 a sus preguntas y le brindar\u00e1 la orientaci\u00f3n necesaria para tomar decisiones con seguridad. Con los profesionales legales adecuados a su lado, podr\u00e1 concentrarse en su recuperaci\u00f3n mientras su equipo legal trabaja incansablemente para garantizar que reciba la compensaci\u00f3n que merece por su accidente de auto.<\/p>\n<h2 data-pm-slice=\"1 1 []\" id=\"t-1754197963700\">Qu\u00e9 esperar de nuestros abogados de accidentes recomendados<\/h2>\n<ul>\n<li>Cuando trabaja con nuestros abogados de accidentes recomendados, puede esperar atenci\u00f3n personalizada, apoyo legal integral y un compromiso para garantizar una compensaci\u00f3n justa.<\/li>\n<li>Nuestros abogados experimentados lo guiar\u00e1n a trav\u00e9s del proceso legal, asegur\u00e1ndose de que comprenda sus opciones y el mejor curso de acci\u00f3n.<\/li>\n<li>Trabajaremos estrechamente con usted para reunir pruebas, construir un caso s\u00f3lido y buscar una compensaci\u00f3n por sus p\u00e9rdidas.<\/li>\n<li>Nuestro grupo de bufetes de abogados se dedica a brindar un servicio al cliente excepcional, garantizando que se aborden sus necesidades y preocupaciones \u00fanicas.<\/li>\n<li>Su abogado asignado lo mantendr\u00e1 informado durante todo el proceso legal, proporcion\u00e1ndole actualizaciones peri\u00f3dicas y orientaci\u00f3n sobre el progreso de su caso.<\/li>\n<\/ul>\n<p><span><img decoding=\"async\" alt=\"Abogado de accidentes de Lyft en Citrus Heights, CA\" data-id=\"866\" width=\"1080\" data-init-width=\"1456\" height=\"605\" data-init-height=\"816\" title=\"Abogado de accidentes de Lyft en Citrus Heights, CA\" loading=\"lazy\" src=\"https:\/\/citrusheightscaraccidentlawyer.com\/wp-content\/uploads\/2025\/02\/Citrus-Heights-CA-Lyft-Accident-Lawyer.jpeg\" data-width=\"1080\" data-height=\"605\" style=\"aspect-ratio: auto 1456 \/ 816;\"><\/span><\/p>\n<h2 data-pm-slice=\"1 1 []\" id=\"t-1754197963701\">Revisi\u00f3n y consulta de caso gratuitas<\/h2>\n<ul>\n<li>&nbsp;Nuestra red de bufetes de abogados ofrece una revisi\u00f3n de casos y una consulta gratuitas para analizar su reclamo por lesiones personales y brindarle orientaci\u00f3n sobre el mejor curso de acci\u00f3n.<\/li>\n<li>Nuestros abogados experimentados escuchar\u00e1n su historia, responder\u00e1n sus preguntas y le brindar\u00e1n asesoramiento personalizado sobre c\u00f3mo proceder.<\/li>\n<li>Revisar\u00e1n su caso, incluidos sus registros m\u00e9dicos y declaraciones de testigos, para determinar el mejor enfoque para asegurar una compensaci\u00f3n justa.<\/li>\n<li>Su consulta sin compromiso le permitir\u00e1 tomar una decisi\u00f3n informada sobre su caso sin ninguna presi\u00f3n.<\/li>\n<li>Al programar una consulta gratuita, puede dar el primer paso para asegurar la compensaci\u00f3n que se merece.<\/li>\n<\/ul>\n<h3 id=\"t-1741066406597\"><strong>Obtenga la ayuda que necesita ahora<\/strong><\/h3>\n<p style=\"\">Estamos disponibles 24\/7 para encontrarle el bufete de abogados ideal para su caso. Usted es importante y estamos aqu\u00ed para ayudarle.<\/p>\n<p>Preguntas frecuentes<\/p>","protected":false},"excerpt":{"rendered":"<p>You&#8217;ve come to the right place&#8230;Let&#8217;s match you with the best Citrus Heights Lyft accident lawyer now We provide you with a free lawyer matching service and totally free consultation with the best lawyers in Citrus Heights &nbsp;100% Free Case Review &nbsp;Call 24 hours, 7 days a week &nbsp;You Don&#8217;t Pay Until Your Case is [&hellip;]<\/p>\n","protected":false},"author":1,"featured_media":0,"parent":0,"menu_order":0,"comment_status":"closed","ping_status":"closed","template":"","meta":{"footnotes":""},"folder":[20],"class_list":["post-475","page","type-page","status-publish","hentry","post-wrapper","thrv_wrapper"],"_links":{"self":[{"href":"https:\/\/citrusheightscaraccidentlawyer.com\/es\/wp-json\/wp\/v2\/pages\/475","targetHints":{"allow":["GET"]}}],"collection":[{"href":"https:\/\/citrusheightscaraccidentlawyer.com\/es\/wp-json\/wp\/v2\/pages"}],"about":[{"href":"https:\/\/citrusheightscaraccidentlawyer.com\/es\/wp-json\/wp\/v2\/types\/page"}],"author":[{"embeddable":true,"href":"https:\/\/citrusheightscaraccidentlawyer.com\/es\/wp-json\/wp\/v2\/users\/1"}],"replies":[{"embeddable":true,"href":"https:\/\/citrusheightscaraccidentlawyer.com\/es\/wp-json\/wp\/v2\/comments?post=475"}],"version-history":[{"count":76,"href":"https:\/\/citrusheightscaraccidentlawyer.com\/es\/wp-json\/wp\/v2\/pages\/475\/revisions"}],"predecessor-version":[{"id":2052,"href":"https:\/\/citrusheightscaraccidentlawyer.com\/es\/wp-json\/wp\/v2\/pages\/475\/revisions\/2052"}],"wp:attachment":[{"href":"https:\/\/citrusheightscaraccidentlawyer.com\/es\/wp-json\/wp\/v2\/media?parent=475"}],"wp:term":[{"taxonomy":"folder","embeddable":true,"href":"https:\/\/citrusheightscaraccidentlawyer.com\/es\/wp-json\/wp\/v2\/folder?post=475"}],"curies":[{"name":"gracias","href":"https:\/\/api.w.org\/{rel}","templated":true}]}}