{"id":978,"date":"2025-02-19T20:09:24","date_gmt":"2025-02-20T04:09:24","guid":{"rendered":"https:\/\/citrusheightscaraccidentlawyer.com\/?page_id=978"},"modified":"2025-04-11T16:35:59","modified_gmt":"2025-04-11T23:35:59","slug":"condiciones-de-uso","status":"publish","type":"page","link":"https:\/\/citrusheightscaraccidentlawyer.com\/es\/condiciones-de-uso\/","title":{"rendered":"Condiciones de uso"},"content":{"rendered":"<\/p>\n<h1><strong>Condiciones de uso<\/strong><\/h1>\n<p><strong>Actualizado al 19 de febrero de 2025<\/strong><\/p>\n<p><strong>AVISO IMPORTANTE: ESTOS T\u00c9RMINOS DE USO EST\u00c1N SUJETOS A ARBITRAJE VINCULANTE Y A UNA RENUNCIA A LOS DERECHOS DE DEMANDA COLECTIVA Y JUICIO POR JURADO COMO SE DETALLA EN LA SECCI\u00d3N DE ARBITRAJE Y RENUNCIA A DEMANDA COLECTIVA Y JUICIO POR JURADO A CONTINUACI\u00d3N.<\/strong><\/p>\n<ol>\n<li><strong>Introducci\u00f3n<\/strong><\/li>\n<\/ol>\n<p>Por favor, revise esta p\u00e1gina detenidamente. Estos T\u00e9rminos de Uso (\u201cT\u00e9rminos\u201d) constituyen un contrato legal entre usted y <em>Abogado de accidentes automovil\u00edsticos en Citrus Heights<\/em> (en conjunto, la \u00abEmpresa\u00bb, \u00abnosotros\u00bb, \u00abnos\u00bb o \u00abnuestro\u00bb). Los T\u00e9rminos rigen su acceso y uso del siguiente sitio web, as\u00ed como de sus subdominios o portales (en conjunto, los \u00abSitios web\u00bb o \u00abSitios\u00bb), as\u00ed como su uso o interacci\u00f3n con todos los portales, productos, bienes, servicios, eventos y funciones interactivas, u otros servicios controlados por nosotros que publiquen un enlace a estos T\u00e9rminos (en conjunto, los \u00abServicios\u00bb):<\/p>\n<p><a href=\"https:\/\/citrusheightscaraccidentlawyer.com\/es\/\" style=\"outline: none;\">https:\/\/citrusheightscaraccidentlawyer.com\/<\/a><\/p>\n<p>Al utilizar los Sitios o Servicios, usted acepta estos T\u00e9rminos. Estos T\u00e9rminos constituyen un contrato entre usted y nosotros, y si utiliza los Sitios o Servicios en nombre de una empresa u organizaci\u00f3n, dicha empresa u organizaci\u00f3n tambi\u00e9n se considerar\u00e1 parte de estos T\u00e9rminos. Nuestros Servicios no est\u00e1n destinados a menores de 18 a\u00f1os. Si accede a nuestros Servicios, declara y garantiza que tiene al menos 18 a\u00f1os.<\/p>\n<ol start=\"2\">\n<li><strong>Cambios a estos T\u00e9rminos<\/strong><\/li>\n<\/ol>\n<p>Ocasionalmente, podremos modificar, a\u00f1adir o eliminar partes de estos T\u00e9rminos y publicaremos dichos cambios aqu\u00ed con la fecha de actualizaci\u00f3n en la parte superior. En tal caso, su uso continuado de los Sitios o Servicios despu\u00e9s de la realizaci\u00f3n de dichos cambios implicar\u00e1 su aceptaci\u00f3n de los mismos. Los T\u00e9rminos modificados entrar\u00e1n en vigor autom\u00e1ticamente al publicarse en este Sitio. Adem\u00e1s, nos reservamos el derecho a cambiar y mejorar las caracter\u00edsticas y funcionalidades de los Servicios en cualquier momento, lo que incluye a\u00f1adir, modificar o eliminar caracter\u00edsticas y funcionalidades de los Servicios, o actualizar la forma en que se prestan. Asimismo, nos reservamos el derecho a suspender o cancelar los Servicios por cualquier motivo y en cualquier momento.<\/p>\n<ol start=\"3\">\n<li><strong>pol\u00edtica de privacidad<\/strong><\/li>\n<\/ol>\n<p>Nuestra Pol\u00edtica de Privacidad se incorpora a estos T\u00e9rminos por referencia y forma parte de ellos. Al utilizar los Sitios o Servicios, usted declara comprender y aceptar la recopilaci\u00f3n, el uso y la divulgaci\u00f3n de su informaci\u00f3n, tal como se describe en nuestra Pol\u00edtica de Privacidad.<\/p>\n<ol start=\"4\">\n<li><strong>T\u00e9rminos y condiciones adicionales<\/strong><\/li>\n<\/ol>\n<p>En relaci\u00f3n con su uso de los Sitios o Servicios, es posible que ocasionalmente se le solicite su consentimiento a pol\u00edticas o t\u00e9rminos y condiciones adicionales a estos T\u00e9rminos. Lea atentamente las pol\u00edticas y t\u00e9rminos complementarios antes de utilizar dichas secciones de los Sitios o Servicios. Los t\u00e9rminos complementarios no modificar\u00e1n ni sustituir\u00e1n estos T\u00e9rminos en relaci\u00f3n con el uso de nuestros Sitios o Servicios, a menos que se indique expresamente lo contrario. En la medida en que existan normas y directrices adicionales que afecten su uso de nuestros Servicios, dichas normas y directrices se incorporan por referencia a estos T\u00e9rminos.<\/p>\n<ol start=\"5\">\n<li><strong>Consentimiento para comunicaciones electr\u00f3nicas<\/strong><\/li>\n<\/ol>\n<p>Al utilizar los Sitios o los Servicios, usted acepta que podemos comunicarnos con usted electr\u00f3nicamente con respecto a su uso de los Sitios o los Servicios y que cualquier aviso, acuerdo, divulgaci\u00f3n u otras comunicaciones que <em>Abogado de accidentes automovil\u00edsticos en Citrus Heights<\/em> le env\u00ede electr\u00f3nicamente satisfar\u00e1 cualquier requisito de comunicaci\u00f3n legal, incluido cualquier requisito de que las comunicaciones se realicen por escrito.<\/p>\n<ol start=\"6\">\n<li><strong>Sitios web de terceros<\/strong><\/li>\n<\/ol>\n<p>Los Sitios pueden contener enlaces a sitios web de terceros que lo lleven fuera de <em>Abogado de accidentes automovil\u00edsticos en Citrus Heights<\/em> Sitios y Servicios (\u00abSitios Enlazados\u00bb). No controlamos, avalamos, patrocinamos, recomendamos ni asumimos ninguna responsabilidad por el contenido de dichos Sitios Enlazados, ni ofrecemos garant\u00edas ni declaraciones, expresas o impl\u00edcitas, sobre el contenido (ni sobre la exactitud, vigencia o integridad de dicho contenido) de ninguno de ellos. Al seguir un enlace a otro sitio web, este se regir\u00e1 por t\u00e9rminos de uso y una pol\u00edtica de privacidad diferentes. Aseg\u00farese de leer y aceptar dichas pol\u00edticas.<\/p>\n<ol start=\"7\">\n<li><strong>Conducta prohibida<\/strong><\/li>\n<\/ol>\n<p>No podr\u00e1 acceder, usar ni intentar acceder o usar los Sitios o Servicios para realizar ninguna acci\u00f3n que pueda perjudicarnos a nosotros o a terceros, interferir con el funcionamiento de los Sitios o Servicios, o infringir alguna ley. Por ejemplo, y sin limitaci\u00f3n, no podr\u00e1:<\/p>\n<ul>\n<li>Hacerse pasar por cualquier persona o entidad o declarar falsamente o tergiversar de otro modo su afiliaci\u00f3n con cualquier persona o entidad o el origen de cualquier informaci\u00f3n que proporcione;<\/li>\n<li>Participar en el rastreo, raspado o recolecci\u00f3n no autorizados de contenido o informaci\u00f3n personal, o utilizar cualquier otro medio automatizado no autorizado para compilar informaci\u00f3n;<\/li>\n<li>Obtener o intentar obtener acceso no autorizado a otros sistemas inform\u00e1ticos, materiales, informaci\u00f3n o cualquier servicio disponible en o a trav\u00e9s de los Sitios o Servicios;<\/li>\n<li>Utilizar cualquier dispositivo, software o rutina para interferir o intentar interferir con el correcto funcionamiento de los Sitios o Servicios o cualquier actividad realizada en los Sitios o Servicios o intentar sondear, escanear, probar la vulnerabilidad o violar la seguridad de cualquier sistema o red;<\/li>\n<li>Realizar cualquier acci\u00f3n que imponga una carga irrazonable o desproporcionadamente grande en nuestra red o infraestructura.<\/li>\n<\/ul>\n<ol start=\"8\">\n<li><strong>Seguridad<\/strong><\/li>\n<\/ol>\n<p>Est\u00e1 prohibido violar la seguridad de los Sitios o Servicios y puede conllevar responsabilidades penales y civiles. Podemos investigar incidentes relacionados con dichas violaciones y, si se sospecha una infracci\u00f3n penal, podemos involucrar y cooperar con las autoridades.<\/p>\n<ol start=\"9\">\n<li><strong>Uso de la cuenta; Riesgo de p\u00e9rdida<\/strong><\/li>\n<\/ol>\n<p><em>Abogado de accidentes automovil\u00edsticos en Citrus Heights<\/em> Se reserva el derecho de rechazar el servicio, cancelar pedidos de productos o servicios, o eliminar o editar contenido, a su entera discreci\u00f3n. Si utiliza una cuenta creada en uno de nuestros Sitios, se compromete a proporcionar informaci\u00f3n veraz, actual, completa y precisa sobre su uso de los Sitios o Servicios.<\/p>\n<ol start=\"10\">\n<li><strong>Materiales enviados<\/strong><\/li>\n<\/ol>\n<p>Usted sigue siendo completamente responsable de los materiales o presentaciones que nos proporcione, incluyendo, sin limitaci\u00f3n, cualquier informaci\u00f3n, solicitudes, trabajos creativos, im\u00e1genes, fotograf\u00edas, presentaciones de ideas, sugerencias, planes de negocios, conceptos, m\u00e9todos, sistemas, dise\u00f1os, planes, t\u00e9cnicas o demostraciones en cualquier medio, incluyendo fotograf\u00edas, gr\u00e1ficos, medios audiovisuales u otro material enviado, publicado, cargado, enviado o transmitido de otra manera a nosotros a trav\u00e9s de este Sitio o a trav\u00e9s de nuestras redes sociales (&quot;Material enviado&quot;).<\/p>\n<ol start=\"11\">\n<li><strong>Propiedad intelectual<\/strong><\/li>\n<\/ol>\n<p>Los Sitios contienen contenido protegido por derechos de autor, marcas comerciales, marcas de servicio, imagen comercial, patentes, derechos morales u otros derechos de propiedad intelectual. Salvo que se disponga lo contrario en estos T\u00e9rminos o se indique lo contrario en los Sitios, <em>Abogado de accidentes automovil\u00edsticos en Citrus Heights<\/em>, sus afiliados o sus licenciantes externos son propietarios de todo el Contenido de los Sitios.<\/p>\n<ol start=\"12\">\n<li><strong>Reclamaciones por infracci\u00f3n<\/strong><\/li>\n<\/ol>\n<p><em>Abogado de accidentes automovil\u00edsticos en Citrus Heights<\/em> Respeta la propiedad intelectual de terceros y exige que usted haga lo mismo. Si cree que su contenido ha sido copiado de forma que constituya una infracci\u00f3n de derechos de autor, p\u00f3ngase en contacto con nosotros en <a href=\"mailto:info@citrusheightscaraccidentlawyer.com\">info@citrusheightscaraccidentlawyer.com<\/a> con un aviso detallado de la supuesta infracci\u00f3n.<\/p>\n<ol start=\"13\">\n<li><strong>Indemnizaci\u00f3n<\/strong><\/li>\n<\/ol>\n<p>Usted acepta defender, indemnizar y eximir de responsabilidad <em>Abogado de accidentes automovil\u00edsticos en Citrus Heights<\/em>, sus afiliadas, entidades relacionadas, divisiones, subsidiarias o empresas matrices, sus funcionarios, directores, empleados, afiliados y agentes de y contra cualquier reclamo, p\u00e9rdida, da\u00f1o, multa, sanci\u00f3n u otras responsabilidades de cualquier manera asociadas con su uso y acceso a los Sitios o Servicios.<\/p>\n<ol start=\"14\">\n<li><strong>Descargo de responsabilidad<\/strong><\/li>\n<\/ol>\n<p>EL USO DEL SITIO ES BAJO SU PROPIA RESPONSABILIDAD. NO HACEMOS DECLARACIONES NI GARANT\u00cdAS SOBRE EL FUNCIONAMIENTO DEL SITIO NI SOBRE LA INFORMACI\u00d3N, LOS MATERIALES, LOS BIENES O LOS SERVICIOS QUE APARECEN U OFRECEN EN \u00c9L, TODOS LOS CUALES SE PROPORCIONAN &quot;TAL CUAL&quot;.<\/p>\n<ol start=\"15\">\n<li><strong>Limitaci\u00f3n de responsabilidades<\/strong><\/li>\n<\/ol>\n<p>EN NING\u00daN CASO <em>Abogado de accidentes automovil\u00edsticos en Citrus Heights<\/em> (O SUS FUNCIONARIOS, DIRECTORES, AFILIADOS, AGENTES, SUBSIDIARIAS, ENTIDADES RELACIONADAS, EMPRESAS CONJUNTAS Y EMPLEADOS) SER\u00c1N RESPONSABLES POR DA\u00d1OS O P\u00c9RDIDAS, INCLUYENDO, ENTRE OTROS, DA\u00d1OS CONSECUENTES, INDIRECTOS, INCIDENTALES, PUNITIVOS, EJEMPLARES O ESPECIALES QUE SURJAN DE O EN CONEXI\u00d3N CON ESTOS T\u00c9RMINOS.<\/p>\n<ol start=\"16\">\n<li><strong>Liberar<\/strong><\/li>\n<\/ol>\n<p>Si tiene una disputa con nosotros o con uno o m\u00e1s usuarios de los Sitios o Servicios, usted libera <em>Abogado de accidentes automovil\u00edsticos en Citrus Heights<\/em> (y sus funcionarios, directores, afiliados, agentes, subsidiarias, empresas conjuntas y empleados) de reclamos, demandas y da\u00f1os de todo tipo y naturaleza.<\/p>\n<ol start=\"17\">\n<li><strong>Terminaci\u00f3n<\/strong><\/li>\n<\/ol>\n<p><em>Abogado de accidentes automovil\u00edsticos en Citrus Heights<\/em> se reserva el derecho, a su entera discreci\u00f3n, de restringir, suspender o terminar estos T\u00e9rminos y su acceso a todo o parte de los Sitios o al Contenido o Servicios, en cualquier momento y por cualquier motivo sin previo aviso ni responsabilidad.<\/p>\n<ol start=\"18\">\n<li><strong>Divisibilidad<\/strong><\/li>\n<\/ol>\n<p>Si alguna disposici\u00f3n de estos T\u00e9rminos se considera total o parcialmente inv\u00e1lida, nula o inaplicable en cualquier jurisdicci\u00f3n por cualquier motivo, el resto de esa disposici\u00f3n y el Acuerdo completo ser\u00e1n separables y permanecer\u00e1n en pleno vigor y efecto.<\/p>\n<ol start=\"19\">\n<li><strong>Ley aplicable<\/strong><\/li>\n<\/ol>\n<p>Estos T\u00e9rminos se regir\u00e1n por las leyes del Estado de California, seg\u00fan corresponda, sin recurrir a ninguna disposici\u00f3n sobre conflicto de leyes.<\/p>\n<ol start=\"20\">\n<li><strong>Resoluci\u00f3n de disputas; renuncia a demandas colectivas y juicio por jurado<\/strong><\/li>\n<\/ol>\n<p>Con respecto a todas y cada una de las disputas que surjan de o en conexi\u00f3n con los Sitios, los Servicios o estos T\u00e9rminos, <em>Abogado de accidentes automovil\u00edsticos en Citrus Heights<\/em> Usted acepta negociar primero de buena fe y realizar esfuerzos razonables para cooperar entre s\u00ed a fin de alcanzar una soluci\u00f3n mutuamente satisfactoria. Si no se llega a una soluci\u00f3n, se llevar\u00e1 a cabo un arbitraje vinculante seg\u00fan lo detallado en los T\u00e9rminos originales.<\/p>\n<ol start=\"21\">\n<li><strong>General<\/strong><\/li>\n<\/ol>\n<p>Estos T\u00e9rminos establecen el entendimiento y acuerdo completo entre usted y <em>Abogado de accidentes automovil\u00edsticos en Citrus Heights<\/em> Con respecto al objeto del presente Acuerdo, las Secciones 7 (Conducta Prohibida); 13 (Indemnizaci\u00f3n); 14 (Descargos de Responsabilidad); 15 (Limitaci\u00f3n de Responsabilidades); y 19 (Legislaci\u00f3n Aplicable) seguir\u00e1n vigentes tras la rescisi\u00f3n o vencimiento del presente Acuerdo.<\/p>\n<ol start=\"22\">\n<li><strong>Cont\u00e1ctenos<\/strong><\/li>\n<\/ol>\n<p>Si tiene preguntas sobre estos T\u00e9rminos o los Servicios, puede contactarnos en:<\/p>\n<p>Correo electr\u00f3nico: <a href=\"mailto:info@citrusheightscaraccidentlawyer.com\">info@citrusheightscaraccidentlawyer.com<\/a><\/p>","protected":false},"excerpt":{"rendered":"<p>Terms of Use Updated as of February 19, 2025 IMPORTANT NOTICE: THESE TERMS OF USE ARE SUBJECT TO BINDING ARBITRATION AND A WAIVER OF CLASS ACTION AND JURY TRIAL RIGHTS AS DETAILED IN THE ARBITRATION AND CLASS ACTION AND JURY TRIAL WAIVER SECTION BELOW. Introduction Please review this page carefully. These Terms of Use (\u201cTerms\u201d) [&hellip;]<\/p>\n","protected":false},"author":1,"featured_media":0,"parent":0,"menu_order":0,"comment_status":"closed","ping_status":"closed","template":"","meta":{"footnotes":""},"folder":[],"class_list":["post-978","page","type-page","status-publish","hentry","post-wrapper","thrv_wrapper"],"_links":{"self":[{"href":"https:\/\/citrusheightscaraccidentlawyer.com\/es\/wp-json\/wp\/v2\/pages\/978","targetHints":{"allow":["GET"]}}],"collection":[{"href":"https:\/\/citrusheightscaraccidentlawyer.com\/es\/wp-json\/wp\/v2\/pages"}],"about":[{"href":"https:\/\/citrusheightscaraccidentlawyer.com\/es\/wp-json\/wp\/v2\/types\/page"}],"author":[{"embeddable":true,"href":"https:\/\/citrusheightscaraccidentlawyer.com\/es\/wp-json\/wp\/v2\/users\/1"}],"replies":[{"embeddable":true,"href":"https:\/\/citrusheightscaraccidentlawyer.com\/es\/wp-json\/wp\/v2\/comments?post=978"}],"version-history":[{"count":6,"href":"https:\/\/citrusheightscaraccidentlawyer.com\/es\/wp-json\/wp\/v2\/pages\/978\/revisions"}],"predecessor-version":[{"id":1254,"href":"https:\/\/citrusheightscaraccidentlawyer.com\/es\/wp-json\/wp\/v2\/pages\/978\/revisions\/1254"}],"wp:attachment":[{"href":"https:\/\/citrusheightscaraccidentlawyer.com\/es\/wp-json\/wp\/v2\/media?parent=978"}],"wp:term":[{"taxonomy":"folder","embeddable":true,"href":"https:\/\/citrusheightscaraccidentlawyer.com\/es\/wp-json\/wp\/v2\/folder?post=978"}],"curies":[{"name":"gracias","href":"https:\/\/api.w.org\/{rel}","templated":true}]}}